{"id":345,"date":"2024-03-12T14:49:03","date_gmt":"2024-03-12T14:49:03","guid":{"rendered":"https:\/\/uta-beger.de\/?page_id=345"},"modified":"2024-03-19T15:38:28","modified_gmt":"2024-03-19T15:38:28","slug":"datenschutz","status":"publish","type":"page","link":"https:\/\/uta-beger.de\/?page_id=345","title":{"rendered":"Datenschutz"},"content":{"rendered":"\n<p>Datenschutz-Hinweise<\/p>\n\n\n\n<p>Aufgrund der Datenschutz-Grundverordnung der Europ\u00e4ischen Union (DSGVO), g\u00fcltig seit dem 25. Mai 2018, &nbsp;werden die nachstehend folgenden Hinweise gegeben:<\/p>\n\n\n\n<p>1)&nbsp;&nbsp;&nbsp;&nbsp;&nbsp; Der Verantwortliche gem. Art. 13 (1) a) DSGVO ist die K\u00fcnstlerin:<\/p>\n\n\n\n<p>Uta Beger<br>Tilsiter Str. 6<br>30827 Garbsen<br>Telefon: 05131 463076<br>E-Mail-Adresse: <a href=\"https:\/\/web.archive.org\/web\/20230201084428\/mailto:info@uta-beger.de\">info@uta-beger.de<\/a><\/p>\n\n\n\n<p>2)&nbsp;&nbsp;&nbsp;&nbsp;&nbsp; Es wird ein Vertrag zwischen einem Kunden (Auftraggeber) und dem K\u00fcnstler\/der K\u00fcnstlerin (Auftragnehmer) geschlossen. Gegenstand des Vertrages ist eine k\u00fcnstlerische Darbietung der kunsttypischen Gattungen Wort, Text und darstellendem Spiel.<\/p>\n\n\n\n<p>3)&nbsp;&nbsp;&nbsp;&nbsp;&nbsp; Personenbezogene Daten werden im Rahmen des Vertrages verarbeitet und aufbewahrt<\/p>\n\n\n\n<p>a)&nbsp;&nbsp;&nbsp;&nbsp;&nbsp; entsprechend gesetzlicher Vorschriften zum Nachweis gegen\u00fcber den Steuer- und Finanzbeh\u00f6rden bis zu 10 Jahren<\/p>\n\n\n\n<p>b)&nbsp;&nbsp;&nbsp;&nbsp;&nbsp; zum Zwecke der Verwendung in der k\u00fcnstlerischen Darbietung solange erforderlich, in der Regel nur bis nach der k\u00fcnstlerischen Darbietung<\/p>\n\n\n\n<p>4)&nbsp;&nbsp;&nbsp;&nbsp;&nbsp; Zur Durchf\u00fchrung des Vertrages ist es notwendig, dass vom K\u00fcnstler personenbezogene Daten erhoben und verarbeitet werden. Unter anderem werden diese personenbezogenen Daten in k\u00fcnstlerisch abgewandelter Form in der Darbietung verwendet. Die Bereitstellung dieser Daten ist zur Erf\u00fcllung des Vertrages notwendig. Werden diese Daten nicht bereitgestellt, so hat dies Einfluss auf die Art der Darbietung.<\/p>\n\n\n\n<p>5)&nbsp;&nbsp;&nbsp;&nbsp;&nbsp; Soweit es die Verarbeitung der personenbezogenen Daten in der k\u00fcnstlerischen Darbietung betrifft, werden diese auf der Grundlage des abgeschlossenen Dienstvertrages in einem dem Zweck angemessenen sowie darauf beschr\u00e4nkten Ma\u00df nach den Vorgaben des K\u00fcnstlers durch den Auftraggeber erhoben und dem K\u00fcnstler schriftlich per Post oder E-Mail mitgeteilt. \u00dcber die Art der ben\u00f6tigten Angaben wird mit dem Auftraggeber ausf\u00fchrlich gesprochen. Rechtsgrundlage ist die Einwilligung des Auftraggebers.<\/p>\n\n\n\n<p>6)&nbsp;&nbsp;&nbsp;&nbsp;&nbsp; Die Freiheit der Kunst ist ein sehr hochrangiges Grundrecht und gesch\u00fctzt durch Artikel 5 Abs. 3 des Grundgesetzes.<\/p>\n\n\n\n<p>7)&nbsp;&nbsp;&nbsp;&nbsp;&nbsp; Der K\u00fcnstler (Kontaktdaten siehe oben) verarbeitet die personenbezogenen Daten ausschlie\u00dflich im Rahmen seiner k\u00fcnstlerischen Darbietung. Es erfolgt keinerlei Weitergabe der personenbezogenen Daten an irgendwelche anderen Stellen. In der Regel werden sie nach der Darbietung nicht mehr ben\u00f6tigt.<\/p>\n\n\n\n<p>8)&nbsp;&nbsp;&nbsp;&nbsp;&nbsp; \u00dcber alle ihm mitgeteilten personenbezogenen Daten kann der K\u00fcnstler jedem Betroffenen jederzeit Auskunft erteilen. Jeder Betroffene hat das Recht auf Berichtigung oder L\u00f6schung oder auf Einschr\u00e4nkung der Verarbeitung. Die Daten werden sonst fr\u00fchestens zusammen mit den Steuer- und Finanzunterlagen gel\u00f6scht, sobald deren gesetzliche Aufbewahrungsfristen abgelaufen sind. Jeder Betroffene hat ein Widerspruchsrecht gegen die Verarbeitung sowie des Rechts auf Daten\u00fcbertragbarkeit. Jeder Betroffene hat ein Beschwerderecht bei einer Aufsichtsbeh\u00f6rde.<\/p>\n\n\n\n<p>9)&nbsp;&nbsp;&nbsp;&nbsp;&nbsp; Soweit dem K\u00fcnstler vom Auftraggeber personenbezogene Daten \u00fcber andere Personen bereitgestellt wurden, gelangen diesen Personen die Daten durch die k\u00fcnstlerische Darstellung zur Kenntnis.<\/p>\n\n\n\n<p>10)&nbsp;&nbsp; Es werden nur personenbezogene Daten von Personen verarbeitet, die auch selbst an der k\u00fcnstlerischen Darbietung teilnehmen. Die Daten sind lediglich eine Grundlage f\u00fcr die k\u00fcnstlerische Ausgestaltung der Darbietung. Es kommt daher auch nicht unbedingt auf die objektive Richtigkeit der Daten an.<\/p>\n\n\n\n<p>11)&nbsp;&nbsp; Das Wesentliche dieser k\u00fcnstlerischen Darbietung ist: In Anlehnung an die personenbezogenen Daten der Anwesenden wird vom K\u00fcnstler mit den Mitteln von intelligentem Witz, Humor und Spannung mithilfe seines K\u00f6nnens durch eine solide Ausbildung und ein Studium sowie mithilfe seiner darstellerischen Qualit\u00e4ten wie schauspielerisches Talent und besondere pers\u00f6nliche Begabung unter teilweiser Einbeziehung des Publikums ein unnachahmliches, einmaliges und einzigartiges Gesamtkunstwerk geschaffen, das dem Publikum als ein besonderes Erlebnis noch lange Zeit in guter Erinnerung bleiben wird.<\/p>\n","protected":false},"excerpt":{"rendered":"<p>Datenschutz-Hinweise Aufgrund der Datenschutz-Grundverordnung der Europ\u00e4ischen Union (DSGVO), g\u00fcltig seit dem 25. Mai 2018, &nbsp;werden die nachstehend folgenden Hinweise gegeben: 1)&nbsp;&nbsp;&nbsp;&nbsp;&nbsp; Der Verantwortliche gem. Art. 13<span class=\"excerpt-hellip\"> [\u2026]<\/span><\/p>\n","protected":false},"author":1,"featured_media":0,"parent":0,"menu_order":0,"comment_status":"closed","ping_status":"closed","template":"","meta":{"footnotes":""},"class_list":["post-345","page","type-page","status-publish","hentry"],"yoast_head":"<!-- This site is optimized with the Yoast SEO plugin v24.9 - https:\/\/yoast.com\/wordpress\/plugins\/seo\/ -->\n<title>Datenschutz - Uta Beger<\/title>\n<meta name=\"robots\" content=\"index, follow, max-snippet:-1, max-image-preview:large, max-video-preview:-1\" \/>\n<link rel=\"canonical\" href=\"https:\/\/uta-beger.de\/?page_id=345\" \/>\n<meta property=\"og:locale\" content=\"de_DE\" \/>\n<meta property=\"og:type\" content=\"article\" \/>\n<meta property=\"og:title\" content=\"Datenschutz - Uta Beger\" \/>\n<meta property=\"og:description\" content=\"Datenschutz-Hinweise Aufgrund der Datenschutz-Grundverordnung der Europ\u00e4ischen Union (DSGVO), g\u00fcltig seit dem 25. Mai 2018, &nbsp;werden die nachstehend folgenden Hinweise gegeben: 1)&nbsp;&nbsp;&nbsp;&nbsp;&nbsp; Der Verantwortliche gem. Art. 13 [\u2026]\" \/>\n<meta property=\"og:url\" content=\"https:\/\/uta-beger.de\/?page_id=345\" \/>\n<meta property=\"og:site_name\" content=\"Uta Beger\" \/>\n<meta property=\"article:modified_time\" content=\"2024-03-19T15:38:28+00:00\" \/>\n<meta name=\"twitter:card\" content=\"summary_large_image\" \/>\n<meta name=\"twitter:label1\" content=\"Gesch\u00e4tzte Lesezeit\" \/>\n\t<meta name=\"twitter:data1\" content=\"3\u00a0Minuten\" \/>\n<script type=\"application\/ld+json\" class=\"yoast-schema-graph\">{\"@context\":\"https:\/\/schema.org\",\"@graph\":[{\"@type\":\"WebPage\",\"@id\":\"https:\/\/uta-beger.de\/?page_id=345\",\"url\":\"https:\/\/uta-beger.de\/?page_id=345\",\"name\":\"Datenschutz - Uta Beger\",\"isPartOf\":{\"@id\":\"https:\/\/uta-beger.de\/#website\"},\"datePublished\":\"2024-03-12T14:49:03+00:00\",\"dateModified\":\"2024-03-19T15:38:28+00:00\",\"breadcrumb\":{\"@id\":\"https:\/\/uta-beger.de\/?page_id=345#breadcrumb\"},\"inLanguage\":\"de\",\"potentialAction\":[{\"@type\":\"ReadAction\",\"target\":[\"https:\/\/uta-beger.de\/?page_id=345\"]}]},{\"@type\":\"BreadcrumbList\",\"@id\":\"https:\/\/uta-beger.de\/?page_id=345#breadcrumb\",\"itemListElement\":[{\"@type\":\"ListItem\",\"position\":1,\"name\":\"Startseite\",\"item\":\"https:\/\/uta-beger.de\/\"},{\"@type\":\"ListItem\",\"position\":2,\"name\":\"Datenschutz\"}]},{\"@type\":\"WebSite\",\"@id\":\"https:\/\/uta-beger.de\/#website\",\"url\":\"https:\/\/uta-beger.de\/\",\"name\":\"Uta Beger\",\"description\":\"\",\"potentialAction\":[{\"@type\":\"SearchAction\",\"target\":{\"@type\":\"EntryPoint\",\"urlTemplate\":\"https:\/\/uta-beger.de\/?s={search_term_string}\"},\"query-input\":{\"@type\":\"PropertyValueSpecification\",\"valueRequired\":true,\"valueName\":\"search_term_string\"}}],\"inLanguage\":\"de\"}]}<\/script>\n<!-- \/ Yoast SEO plugin. -->","yoast_head_json":{"title":"Datenschutz - Uta Beger","robots":{"index":"index","follow":"follow","max-snippet":"max-snippet:-1","max-image-preview":"max-image-preview:large","max-video-preview":"max-video-preview:-1"},"canonical":"https:\/\/uta-beger.de\/?page_id=345","og_locale":"de_DE","og_type":"article","og_title":"Datenschutz - Uta Beger","og_description":"Datenschutz-Hinweise Aufgrund der Datenschutz-Grundverordnung der Europ\u00e4ischen Union (DSGVO), g\u00fcltig seit dem 25. Mai 2018, &nbsp;werden die nachstehend folgenden Hinweise gegeben: 1)&nbsp;&nbsp;&nbsp;&nbsp;&nbsp; Der Verantwortliche gem. Art. 13 [\u2026]","og_url":"https:\/\/uta-beger.de\/?page_id=345","og_site_name":"Uta Beger","article_modified_time":"2024-03-19T15:38:28+00:00","twitter_card":"summary_large_image","twitter_misc":{"Gesch\u00e4tzte Lesezeit":"3\u00a0Minuten"},"schema":{"@context":"https:\/\/schema.org","@graph":[{"@type":"WebPage","@id":"https:\/\/uta-beger.de\/?page_id=345","url":"https:\/\/uta-beger.de\/?page_id=345","name":"Datenschutz - Uta Beger","isPartOf":{"@id":"https:\/\/uta-beger.de\/#website"},"datePublished":"2024-03-12T14:49:03+00:00","dateModified":"2024-03-19T15:38:28+00:00","breadcrumb":{"@id":"https:\/\/uta-beger.de\/?page_id=345#breadcrumb"},"inLanguage":"de","potentialAction":[{"@type":"ReadAction","target":["https:\/\/uta-beger.de\/?page_id=345"]}]},{"@type":"BreadcrumbList","@id":"https:\/\/uta-beger.de\/?page_id=345#breadcrumb","itemListElement":[{"@type":"ListItem","position":1,"name":"Startseite","item":"https:\/\/uta-beger.de\/"},{"@type":"ListItem","position":2,"name":"Datenschutz"}]},{"@type":"WebSite","@id":"https:\/\/uta-beger.de\/#website","url":"https:\/\/uta-beger.de\/","name":"Uta Beger","description":"","potentialAction":[{"@type":"SearchAction","target":{"@type":"EntryPoint","urlTemplate":"https:\/\/uta-beger.de\/?s={search_term_string}"},"query-input":{"@type":"PropertyValueSpecification","valueRequired":true,"valueName":"search_term_string"}}],"inLanguage":"de"}]}},"_links":{"self":[{"href":"https:\/\/uta-beger.de\/index.php?rest_route=\/wp\/v2\/pages\/345","targetHints":{"allow":["GET"]}}],"collection":[{"href":"https:\/\/uta-beger.de\/index.php?rest_route=\/wp\/v2\/pages"}],"about":[{"href":"https:\/\/uta-beger.de\/index.php?rest_route=\/wp\/v2\/types\/page"}],"author":[{"embeddable":true,"href":"https:\/\/uta-beger.de\/index.php?rest_route=\/wp\/v2\/users\/1"}],"replies":[{"embeddable":true,"href":"https:\/\/uta-beger.de\/index.php?rest_route=%2Fwp%2Fv2%2Fcomments&post=345"}],"version-history":[{"count":1,"href":"https:\/\/uta-beger.de\/index.php?rest_route=\/wp\/v2\/pages\/345\/revisions"}],"predecessor-version":[{"id":346,"href":"https:\/\/uta-beger.de\/index.php?rest_route=\/wp\/v2\/pages\/345\/revisions\/346"}],"wp:attachment":[{"href":"https:\/\/uta-beger.de\/index.php?rest_route=%2Fwp%2Fv2%2Fmedia&parent=345"}],"curies":[{"name":"wp","href":"https:\/\/api.w.org\/{rel}","templated":true}]}}