{"id":327,"date":"2024-03-12T14:40:14","date_gmt":"2024-03-12T14:40:14","guid":{"rendered":"https:\/\/uta-beger.de\/?page_id=327"},"modified":"2024-03-12T16:20:08","modified_gmt":"2024-03-12T16:20:08","slug":"referenzen","status":"publish","type":"page","link":"https:\/\/uta-beger.de\/?page_id=327","title":{"rendered":"Referenzen"},"content":{"rendered":"\t\t<div data-elementor-type=\"wp-page\" data-elementor-id=\"327\" class=\"elementor elementor-327\">\n\t\t\t\t<div class=\"elementor-element elementor-element-1b658bc1 e-flex e-con-boxed e-con e-parent\" data-id=\"1b658bc1\" data-element_type=\"container\">\n\t\t\t\t\t<div class=\"e-con-inner\">\n\t\t\t\t<div class=\"elementor-element elementor-element-4c96b678 elementor-widget elementor-widget-text-editor\" data-id=\"4c96b678\" data-element_type=\"widget\" data-widget_type=\"text-editor.default\">\n\t\t\t\t<div class=\"elementor-widget-container\">\n\t\t\t\t\t\t\t\t\t\n<figure class=\"wp-block-table\">\n<table>\n<tbody>\n<tr>\n<td>Gesch\u00e4ftsleute und Firmen:<br \/>Firmenfeiern, Gesch\u00e4ftsjubil\u00e4en,<br \/>Betriebsfeiern, Tagungen, Veranstaltungen, Weihnachtsfeier, Silvesterfeier<br \/>Die Angaben werden \u00fcberarbeitet<br \/><br \/>\u00a0<\/td>\n<td>\n<p>\u00a0 Privatleute: viele, viele, viele runde Geburtstage (40,50,60,70,80),<br \/>auch unrunde Geburtstage,<br \/>Hochzeit, Silberhochzeit, goldene Hochzeit, diamantene Hochzeit, Gnaden-Hochzeit u. a., Feiern aller Art, Weihnachtsfeier, Silvesterfeier<br \/>\u00a0 \u00a0 \u00a0<\/p>\n<p>Auftritte f\u00fcr Politik<\/p>\n<p>Organisationen: Landesfrauenrat<br \/>Aktion Kindertraum<br \/>K\u00fcnstlerdienst Hannover<\/p>\n<\/td>\n<\/tr>\n<\/tbody>\n<\/table>\n<\/figure>\n\t\t\t\t\t\t\t\t<\/div>\n\t\t\t\t<\/div>\n\t\t\t\t\t<\/div>\n\t\t\t\t<\/div>\n\t\t\t\t<\/div>\n\t\t","protected":false},"excerpt":{"rendered":"<p>Gesch\u00e4ftsleute und Firmen:Firmenfeiern, Gesch\u00e4ftsjubil\u00e4en,Betriebsfeiern, Tagungen, Veranstaltungen, Weihnachtsfeier, SilvesterfeierDie Angaben werden \u00fcberarbeitet \u00a0 \u00a0 Privatleute: viele, viele, viele runde Geburtstage (40,50,60,70,80),auch unrunde Geburtstage,Hochzeit, Silberhochzeit, goldene Hochzeit, diamantene<span class=\"excerpt-hellip\"> [\u2026]<\/span><\/p>\n","protected":false},"author":1,"featured_media":0,"parent":0,"menu_order":0,"comment_status":"closed","ping_status":"closed","template":"","meta":{"footnotes":""},"class_list":["post-327","page","type-page","status-publish","hentry"],"yoast_head":"<!-- This site is optimized with the Yoast SEO plugin v24.9 - https:\/\/yoast.com\/wordpress\/plugins\/seo\/ -->\n<title>Referenzen - Uta Beger<\/title>\n<meta name=\"robots\" content=\"index, follow, max-snippet:-1, max-image-preview:large, max-video-preview:-1\" \/>\n<link rel=\"canonical\" href=\"https:\/\/uta-beger.de\/?page_id=327\" \/>\n<meta property=\"og:locale\" content=\"de_DE\" \/>\n<meta property=\"og:type\" content=\"article\" \/>\n<meta property=\"og:title\" content=\"Referenzen - Uta Beger\" \/>\n<meta property=\"og:description\" content=\"Gesch\u00e4ftsleute und Firmen:Firmenfeiern, Gesch\u00e4ftsjubil\u00e4en,Betriebsfeiern, Tagungen, Veranstaltungen, Weihnachtsfeier, SilvesterfeierDie Angaben werden \u00fcberarbeitet \u00a0 \u00a0 Privatleute: viele, viele, viele runde Geburtstage (40,50,60,70,80),auch unrunde Geburtstage,Hochzeit, Silberhochzeit, goldene Hochzeit, diamantene [\u2026]\" \/>\n<meta property=\"og:url\" content=\"https:\/\/uta-beger.de\/?page_id=327\" \/>\n<meta property=\"og:site_name\" content=\"Uta Beger\" \/>\n<meta property=\"article:modified_time\" content=\"2024-03-12T16:20:08+00:00\" \/>\n<meta name=\"twitter:card\" content=\"summary_large_image\" \/>\n<meta name=\"twitter:label1\" content=\"Gesch\u00e4tzte Lesezeit\" \/>\n\t<meta name=\"twitter:data1\" content=\"1\u00a0Minute\" \/>\n<script type=\"application\/ld+json\" class=\"yoast-schema-graph\">{\"@context\":\"https:\/\/schema.org\",\"@graph\":[{\"@type\":\"WebPage\",\"@id\":\"https:\/\/uta-beger.de\/?page_id=327\",\"url\":\"https:\/\/uta-beger.de\/?page_id=327\",\"name\":\"Referenzen - Uta Beger\",\"isPartOf\":{\"@id\":\"https:\/\/uta-beger.de\/#website\"},\"datePublished\":\"2024-03-12T14:40:14+00:00\",\"dateModified\":\"2024-03-12T16:20:08+00:00\",\"breadcrumb\":{\"@id\":\"https:\/\/uta-beger.de\/?page_id=327#breadcrumb\"},\"inLanguage\":\"de\",\"potentialAction\":[{\"@type\":\"ReadAction\",\"target\":[\"https:\/\/uta-beger.de\/?page_id=327\"]}]},{\"@type\":\"BreadcrumbList\",\"@id\":\"https:\/\/uta-beger.de\/?page_id=327#breadcrumb\",\"itemListElement\":[{\"@type\":\"ListItem\",\"position\":1,\"name\":\"Startseite\",\"item\":\"https:\/\/uta-beger.de\/\"},{\"@type\":\"ListItem\",\"position\":2,\"name\":\"Referenzen\"}]},{\"@type\":\"WebSite\",\"@id\":\"https:\/\/uta-beger.de\/#website\",\"url\":\"https:\/\/uta-beger.de\/\",\"name\":\"Uta Beger\",\"description\":\"\",\"potentialAction\":[{\"@type\":\"SearchAction\",\"target\":{\"@type\":\"EntryPoint\",\"urlTemplate\":\"https:\/\/uta-beger.de\/?s={search_term_string}\"},\"query-input\":{\"@type\":\"PropertyValueSpecification\",\"valueRequired\":true,\"valueName\":\"search_term_string\"}}],\"inLanguage\":\"de\"}]}<\/script>\n<!-- \/ Yoast SEO plugin. -->","yoast_head_json":{"title":"Referenzen - Uta Beger","robots":{"index":"index","follow":"follow","max-snippet":"max-snippet:-1","max-image-preview":"max-image-preview:large","max-video-preview":"max-video-preview:-1"},"canonical":"https:\/\/uta-beger.de\/?page_id=327","og_locale":"de_DE","og_type":"article","og_title":"Referenzen - Uta Beger","og_description":"Gesch\u00e4ftsleute und Firmen:Firmenfeiern, Gesch\u00e4ftsjubil\u00e4en,Betriebsfeiern, Tagungen, Veranstaltungen, Weihnachtsfeier, SilvesterfeierDie Angaben werden \u00fcberarbeitet \u00a0 \u00a0 Privatleute: viele, viele, viele runde Geburtstage (40,50,60,70,80),auch unrunde Geburtstage,Hochzeit, Silberhochzeit, goldene Hochzeit, diamantene [\u2026]","og_url":"https:\/\/uta-beger.de\/?page_id=327","og_site_name":"Uta Beger","article_modified_time":"2024-03-12T16:20:08+00:00","twitter_card":"summary_large_image","twitter_misc":{"Gesch\u00e4tzte Lesezeit":"1\u00a0Minute"},"schema":{"@context":"https:\/\/schema.org","@graph":[{"@type":"WebPage","@id":"https:\/\/uta-beger.de\/?page_id=327","url":"https:\/\/uta-beger.de\/?page_id=327","name":"Referenzen - Uta Beger","isPartOf":{"@id":"https:\/\/uta-beger.de\/#website"},"datePublished":"2024-03-12T14:40:14+00:00","dateModified":"2024-03-12T16:20:08+00:00","breadcrumb":{"@id":"https:\/\/uta-beger.de\/?page_id=327#breadcrumb"},"inLanguage":"de","potentialAction":[{"@type":"ReadAction","target":["https:\/\/uta-beger.de\/?page_id=327"]}]},{"@type":"BreadcrumbList","@id":"https:\/\/uta-beger.de\/?page_id=327#breadcrumb","itemListElement":[{"@type":"ListItem","position":1,"name":"Startseite","item":"https:\/\/uta-beger.de\/"},{"@type":"ListItem","position":2,"name":"Referenzen"}]},{"@type":"WebSite","@id":"https:\/\/uta-beger.de\/#website","url":"https:\/\/uta-beger.de\/","name":"Uta Beger","description":"","potentialAction":[{"@type":"SearchAction","target":{"@type":"EntryPoint","urlTemplate":"https:\/\/uta-beger.de\/?s={search_term_string}"},"query-input":{"@type":"PropertyValueSpecification","valueRequired":true,"valueName":"search_term_string"}}],"inLanguage":"de"}]}},"_links":{"self":[{"href":"https:\/\/uta-beger.de\/index.php?rest_route=\/wp\/v2\/pages\/327","targetHints":{"allow":["GET"]}}],"collection":[{"href":"https:\/\/uta-beger.de\/index.php?rest_route=\/wp\/v2\/pages"}],"about":[{"href":"https:\/\/uta-beger.de\/index.php?rest_route=\/wp\/v2\/types\/page"}],"author":[{"embeddable":true,"href":"https:\/\/uta-beger.de\/index.php?rest_route=\/wp\/v2\/users\/1"}],"replies":[{"embeddable":true,"href":"https:\/\/uta-beger.de\/index.php?rest_route=%2Fwp%2Fv2%2Fcomments&post=327"}],"version-history":[{"count":4,"href":"https:\/\/uta-beger.de\/index.php?rest_route=\/wp\/v2\/pages\/327\/revisions"}],"predecessor-version":[{"id":418,"href":"https:\/\/uta-beger.de\/index.php?rest_route=\/wp\/v2\/pages\/327\/revisions\/418"}],"wp:attachment":[{"href":"https:\/\/uta-beger.de\/index.php?rest_route=%2Fwp%2Fv2%2Fmedia&parent=327"}],"curies":[{"name":"wp","href":"https:\/\/api.w.org\/{rel}","templated":true}]}}